{"id":4266,"date":"2023-12-27T14:32:48","date_gmt":"2023-12-27T13:32:48","guid":{"rendered":"https:\/\/obin.hr\/wordpress\/?page_id=4266"},"modified":"2023-12-29T09:36:13","modified_gmt":"2023-12-29T08:36:13","slug":"obrazac-e-uplatnice","status":"publish","type":"page","link":"https:\/\/obin.hr\/wordpress\/obrazac-e-uplatnice\/","title":{"rendered":"OBRAZAC E-UPLATNICE"},"content":{"rendered":"<p>Po\u0161tovani,<\/p>\n<p>obavje\u0161tavamo Vas da smo zbog sve \u010de\u0161\u0107ih upita suvlasnika te br\u017eeg i jednostavnijeg na\u010dina slanja uveli dostavu uplatnica elektroni\u010dkim putem.<\/p>\n<p>Ovakav na\u010din zaprimanja uplatnica ima vi\u0161e prednosti:<\/p>\n<ul>\n<li>osim \u0161to je br\u017ei i jednostavniji na\u010din dostave, tako\u0111er je i potpuno besplatan<\/li>\n<li>ne trebate posjedovati nikakav certifikat<\/li>\n<li>omogu\u0107uje Vam o\u010ditanje barkoda u internet aplikaciju ili mobilno bankarstvo, \u010dime izbjegavate ru\u010dno upisivanje podataka u sustav i eventualne pogre\u0161ke prilikom pla\u0107anja<\/li>\n<li>nama omogu\u0107uje izbjegavanje nedoumica oko knji\u017eenja, jer se knji\u017eenja vr\u0161e automatski i ve\u017eu se na poziv na broj<\/li>\n<li>uplatnice u elektroni\u010dkom obliku smanjuju potro\u0161nju papira \u010dime svi zajedno doprinosimo o\u010duvanju okoli\u0161a<\/li>\n<\/ul>\n<p>Ukoliko \u017eelite da i Vama za prostor\/e u Va\u0161em vlasni\u0161tvu dostavljamo uplatnicu isklju\u010divo putem e-maila, molim Vas da ispunite ovaj obrazac.<\/p>\n<p>Obin upravljanje d.o.o.<\/p>\n<p>&nbsp;<\/p>\n\n<div class=\"wpcf7 no-js\" id=\"wpcf7-f4265-o1\" lang=\"en-US\" dir=\"ltr\">\n<div class=\"screen-reader-response\"><p role=\"status\" aria-live=\"polite\" aria-atomic=\"true\"><\/p> <ul><\/ul><\/div>\n<form action=\"\/wordpress\/wp-json\/wp\/v2\/pages\/4266#wpcf7-f4265-o1\" method=\"post\" class=\"wpcf7-form init\" aria-label=\"Contact form\" novalidate=\"novalidate\" data-status=\"init\">\n<div style=\"display: none;\">\n<input type=\"hidden\" name=\"_wpcf7\" value=\"4265\" \/>\n<input type=\"hidden\" name=\"_wpcf7_version\" value=\"5.8.5\" \/>\n<input type=\"hidden\" name=\"_wpcf7_locale\" value=\"en_US\" \/>\n<input type=\"hidden\" name=\"_wpcf7_unit_tag\" value=\"wpcf7-f4265-o1\" \/>\n<input type=\"hidden\" name=\"_wpcf7_container_post\" value=\"0\" \/>\n<input type=\"hidden\" name=\"_wpcf7_posted_data_hash\" value=\"\" \/>\n<\/div>\n<p><label> Ime i prezime suvlasnika: *<br \/>\n<span class=\"wpcf7-form-control-wrap\" data-name=\"your-name\"><input size=\"40\" class=\"wpcf7-form-control wpcf7-text wpcf7-validates-as-required\" autocomplete=\"name\" aria-required=\"true\" aria-invalid=\"false\" value=\"\" type=\"text\" name=\"your-name\" \/><\/span> <\/label>\n<\/p>\n<p><label> OIB: *<br \/>\n<span class=\"wpcf7-form-control-wrap\" data-name=\"your-oib\"><input size=\"40\" class=\"wpcf7-form-control wpcf7-text wpcf7-validates-as-required\" aria-required=\"true\" aria-invalid=\"false\" value=\"\" type=\"text\" name=\"your-oib\" \/><\/span> <\/label>\n<\/p>\n<p><label> Adresa stambene zgrade: *<br \/>\n<span class=\"wpcf7-form-control-wrap\" data-name=\"your-adresa\"><input size=\"40\" class=\"wpcf7-form-control wpcf7-text wpcf7-validates-as-required\" aria-required=\"true\" aria-invalid=\"false\" value=\"\" type=\"text\" name=\"your-adresa\" \/><\/span> <\/label>\n<\/p>\n<p><label> Email: *<br \/>\n<span class=\"wpcf7-form-control-wrap\" data-name=\"your-email\"><input size=\"40\" class=\"wpcf7-form-control wpcf7-text wpcf7-validates-as-required\" aria-required=\"true\" aria-invalid=\"false\" value=\"\" type=\"text\" name=\"your-email\" \/><\/span> <\/label>\n<\/p>\n<p><label>Sukladno \u010dl. 80. st.1 Zakona o PDV-u (NN 73\/13, 99\/13, 148\/13, 153\/13, 143\/14, 115\/16, 106\/18, 121\/19, 138\/20, 39\/22, 113\/22, 33\/23) dajem suglasnost tvrtki OBIN UPRAVLJANJE d.o.o., Trako\u0161\u0107anska 6, Zagreb, OIB: 30281577600, za zaprimanje ra\u010duna putem e-maila.<br \/>\n<span class=\"wpcf7-form-control-wrap\" data-name=\"your-odgovor\"><span class=\"wpcf7-form-control wpcf7-checkbox wpcf7-validates-as-required\"><span class=\"wpcf7-list-item first last\"><label><input type=\"checkbox\" name=\"your-odgovor[]\" value=\"Sla\u017eem se\" \/><span class=\"wpcf7-list-item-label\">Sla\u017eem se<\/span><\/label><\/span><\/span><\/span><\/label>\n<\/p>\n<p><label>Popunjavanjem obrasca dajem privolu upravitelju zgrade tvrtki OBIN UPRAVLJANJE d.o.o. da obra\u0111uje moje osobne podatke u skladu s odredbama Zakona o provedbi Op\u0107e uredbe o za\u0161titi podataka (NN 42\/18) te da iste po potrebi koristi u poslovima upravljanja zgradom.<br \/>\n<span class=\"wpcf7-form-control-wrap\" data-name=\"your-odgovor1\"><span class=\"wpcf7-form-control wpcf7-checkbox wpcf7-validates-as-required\"><span class=\"wpcf7-list-item first last\"><label><input type=\"checkbox\" name=\"your-odgovor1[]\" value=\"Sla\u017eem se\" \/><span class=\"wpcf7-list-item-label\">Sla\u017eem se<\/span><\/label><\/span><\/span><\/span><\/label>\n<\/p>\n<p><input class=\"wpcf7-form-control wpcf7-submit has-spinner\" type=\"submit\" value=\"Po\u0161alji\" \/>\n<\/p><p style=\"display: none !important;\" class=\"akismet-fields-container\" data-prefix=\"_wpcf7_ak_\"><label>&#916;<textarea name=\"_wpcf7_ak_hp_textarea\" cols=\"45\" rows=\"8\" maxlength=\"100\"><\/textarea><\/label><input type=\"hidden\" id=\"ak_js_1\" name=\"_wpcf7_ak_js\" value=\"211\"\/><script>document.getElementById( \"ak_js_1\" ).setAttribute( \"value\", ( new Date() ).getTime() );<\/script><\/p><div class=\"wpcf7-response-output\" aria-hidden=\"true\"><\/div>\n<\/form>\n<\/div>\n\n","protected":false},"excerpt":{"rendered":"<p>Po\u0161tovani, obavje\u0161tavamo Vas da smo zbog sve \u010de\u0161\u0107ih upita suvlasnika te br\u017eeg i jednostavnijeg na\u010dina slanja uveli dostavu uplatnica elektroni\u010dkim putem. Ovakav na\u010din zaprimanja uplatnica ima vi\u0161e prednosti: osim \u0161to je br\u017ei i jednostavniji na\u010din dostave, tako\u0111er je i potpuno besplatan ne trebate posjedovati nikakav certifikat omogu\u0107uje Vam o\u010ditanje barkoda u internet aplikaciju ili mobilno&#8230;<\/p>\n","protected":false},"author":1,"featured_media":0,"parent":0,"menu_order":0,"comment_status":"closed","ping_status":"closed","template":"","meta":{"footnotes":""},"class_list":["post-4266","page","type-page","status-publish","hentry"],"_links":{"self":[{"href":"https:\/\/obin.hr\/wordpress\/wp-json\/wp\/v2\/pages\/4266","targetHints":{"allow":["GET"]}}],"collection":[{"href":"https:\/\/obin.hr\/wordpress\/wp-json\/wp\/v2\/pages"}],"about":[{"href":"https:\/\/obin.hr\/wordpress\/wp-json\/wp\/v2\/types\/page"}],"author":[{"embeddable":true,"href":"https:\/\/obin.hr\/wordpress\/wp-json\/wp\/v2\/users\/1"}],"replies":[{"embeddable":true,"href":"https:\/\/obin.hr\/wordpress\/wp-json\/wp\/v2\/comments?post=4266"}],"version-history":[{"count":2,"href":"https:\/\/obin.hr\/wordpress\/wp-json\/wp\/v2\/pages\/4266\/revisions"}],"predecessor-version":[{"id":4269,"href":"https:\/\/obin.hr\/wordpress\/wp-json\/wp\/v2\/pages\/4266\/revisions\/4269"}],"wp:attachment":[{"href":"https:\/\/obin.hr\/wordpress\/wp-json\/wp\/v2\/media?parent=4266"}],"curies":[{"name":"wp","href":"https:\/\/api.w.org\/{rel}","templated":true}]}}