{"id":344,"date":"2016-09-29T15:28:30","date_gmt":"2016-09-29T13:28:30","guid":{"rendered":"http:\/\/obin.hr\/?page_id=344"},"modified":"2018-05-29T15:17:01","modified_gmt":"2018-05-29T13:17:01","slug":"informacije-o-kolacicima-cookies","status":"publish","type":"page","link":"https:\/\/obin.hr\/wordpress\/informacije-o-kolacicima-cookies\/","title":{"rendered":"Informacije o kola\u010di\u0107ima (cookies)"},"content":{"rendered":"<p>&nbsp;<\/p>\n<p><strong>Privatnost korisnika i za\u0161tita osobnih podataka<\/strong><\/p>\n<p>Kako bi ova web stranica radila pravilno, kako bismo bili u stanju vr\u0161iti daljnja unaprje\u0111enja stranice, u svrhu pobolj\u0161avanja va\u0161ega iskustva pregledavanja, ova stranica mora na va\u0161e ra\u010dunalo spremiti malenu koli\u010dinu informacija (Cookies). Preko 90 % svih web stranica koristi ovu praksu no prema va\u017ee\u0107im propisima, poglavito prema Zakonu o elektroni\u010dkim komunikacijama i Zakonu o za\u0161titi osobnih podataka, obvezni smo prije spremanja Cookie-a zatra\u017eiti va\u0161 pristanak. Kori\u0161tenjem web stranice pristajete na uporabu Cookie-a. Blokiranjem cookie-a i dalje mo\u017eete pregledavati stranicu, no neke njezine mogu\u0107nosti Vam ne\u0107e biti dostupne.<\/p>\n<p>&nbsp;<\/p>\n<p><strong>\u0160to je kola\u010di\u0107 (eng. <em>cookie<\/em>)?<\/strong><\/p>\n<p>Kola\u010di\u0107 je informacija, odnosno mala tekstualna datoteka spremljena na Va\u0161e ra\u010dunalo od strane web stranice koju posjetite. Kola\u010di\u0107i obi\u010dno spremaju Va\u0161e postavke, postavke za web stranicu, kao \u0161to su preferirani jezik ili adresa. Kasnije, kada opet otvorite istu web stranicu internet preglednik \u0161alje natrag kola\u010di\u0107e koji pripadaju toj stranici. Ovo omogu\u0107ava stranici da prika\u017ee informacije prilago\u0111ene Va\u0161im potrebama.<\/p>\n<p>Kola\u010di\u0107i mogu spremati \u0161irok pojas informacija uklju\u010duju\u0107i osobne informacije (kao \u0161to je Va\u0161e ime ili e-mail adresa). Ipak, ova informacija mo\u017ee biti spremljena jedino ako Vi to omogu\u0107ite &#8211; web stranice ne mogu dobiti pristup informacijama koji im Vi niste dali i ne mogu pristupiti drugim datotekama na Va\u0161em ra\u010dunalu ili mobilnom ure\u0111aju. Zadane aktivnosti spremanja i slanja kola\u010di\u0107a Vama nisu vidljive. Ipak, mo\u017eete promijeniti Va\u0161e postavke internet preglednika da mo\u017eete sami birati ho\u0107ete li zahtjeve za spremanje kola\u010di\u0107a odobriti ili odbiti, pobri\u0161ete spremljene kola\u010di\u0107e automatski pri zatvaranju internet preglednika i sli\u010dno.<\/p>\n<p>&nbsp;<\/p>\n<p><strong>Kako onemogu\u0107iti kola\u010di\u0107e<\/strong><\/p>\n<p>Isklju\u010divanjem kola\u010di\u0107a odlu\u010dujete da li ho\u0107ete dopustiti pohranjivanje kola\u010di\u0107a na va\u0161em ra\u010dunalu ili mobilnom ure\u0111aju. Cookie postavke mogu se kontrolirati i konfigurirati u va\u0161em web pregledniku. Ako onemogu\u0107ite kola\u010di\u0107e, mo\u017eda ne\u0107ete mo\u0107i koristiti neke od funkcionalnosti na web stranicama.<\/p>\n<p>&nbsp;<\/p>\n<p><strong>\u0160to su stalni kola\u010di\u0107i?<\/strong><\/p>\n<p>Stalni ili spremljeni kola\u010di\u0107i ostaju na ra\u010dunalu nakon zatvaranja programa internet preglednika. Pomo\u0107u njih web-mjesta pohranjuju podatke, kao \u0161to su ime za prijavu i lozinka, tako da se ne morate prijavljivati prilikom svakog posjeta odre\u0111enom mjestu. Stalni kola\u010di\u0107i ostat \u0107e na ra\u010dunalu ili mobilnom ure\u0111aju danima, mjesecima, \u010dak i godinama.<\/p>\n<p>&nbsp;<\/p>\n<p><strong>\u0160to su privremeni kola\u010di\u0107i?<\/strong><\/p>\n<p>Privremeni kola\u010di\u0107i ili kola\u010di\u0107i sesije uklanjaju se s ra\u010dunala po zatvaranju internet preglednika. Pomo\u0107u njih web-mjesta pohranjuju privremene podatke, poput stavki u ko\u0161arici za kupnju.<\/p>\n<p>&nbsp;<\/p>\n<p><strong>\u0160to su kola\u010di\u0107i prve strane?<\/strong><\/p>\n<p>Kola\u010di\u0107i od prve strane dolaze s web-mjesta koje gledate, a mogu biti stalni ili privremeni. Pomo\u0107u tih kola\u010di\u0107a web-mjesta mogu pohraniti podatke koje \u0107e ponovo koristiti prilikom sljede\u0107eg posjeta tom web-mjestu.<\/p>\n<p>&nbsp;<\/p>\n<p><strong>\u0160to su kola\u010di\u0107i tre\u0107e strane?<\/strong><\/p>\n<p>Kola\u010di\u0107i tre\u0107e strane dolaze s reklama drugih web-mjesta (kao \u0161to su sko\u010dne ili druge reklame) koje se nalaze na web-mjestu koje gledate. Pomo\u0107u tih kola\u010di\u0107a web-mjesta mogu pratiti kori\u0161tenje Interneta u marketin\u0161ke svrhe.<\/p>\n<p>&nbsp;<\/p>\n<p><strong>Koristi li ova web stranica kola\u010di\u0107e?<\/strong><\/p>\n<p>Da, s primarnim ciljem kako bi Vam na\u0161e internetske stranice omogu\u0107ile bolje korisni\u010dko iskustvo. Svi kola\u010di\u0107i koje koristimo slu\u017ee jedino u svrhu funkcioniranja stranice u kontekstu sigurnosti i u svrhu akcija koje korisnik odabere samostalno (web forma za slanje poruka).\u00a0Stranica tako\u0111er koristi kola\u010di\u0107e koji slu\u017ee za funkcioniranje Google Maps servisa.<\/p>\n<p>&nbsp;<\/p>\n<p><strong>Kakve kola\u010di\u0107e koristi ova web stranica i za\u0161to?<\/strong><\/p>\n<p>OBIN Upravljanje\u00a0d.o.o. prikuplja dvije vrste podataka sa svojih web stranica. Podatke koji se prikupljaju pomo\u0107u kola\u010di\u0107a i podatke dostavljene od strane korisnika koji ispunjavaju razne obrasce za vi\u0161e informacija, obrasce za narud\u017ebu i sl.<\/p>\n<p>Podatke koji se prikupljaju pomo\u0107u kola\u010di\u0107a definira Google Analytics, a radi se o podacima kao \u0161to su:<\/p>\n<ul>\n<li>Vrijeme trenutnog posjeta web stranici.<\/li>\n<li>Je li i kada je posjetitelj posljednji put posjetio web stranicu.<\/li>\n<li>S koje je web stranice korisnik do\u0161ao na OBIN\u00a0Upravljanje web stranicu (kola\u010di\u0107i prvih osoba ne dijele podatke na drugim web stranicama).<\/li>\n<li>IP adresa koja se isto tako koristi za prikupljanje podataka kao \u0161to su zemlja, savezna dr\u017eava, grad (to nazivamo IP geolokacijom). Kola\u010di\u0107i ne prikupljaju podatke kao \u0161to su ime i prezime, adresa e-po\u0161te ili podaci za slanje ra\u010duna.<\/li>\n<li>Nadalje, uvjetima Google Analytics usluge korisnicima Analyticsa je izri\u010dito zabranjeno prikupljanje podataka kojima se osobni podaci povezuju s Google Analytics podacima. Podaci koje daju korisnici variraju od jednog do drugog obrasca ovisno o namjeni. Imajte na umu da se ti obrasci izra\u0111uju u skladu sa svjetskim i lokalnim zakonima i propisima.<\/li>\n<\/ul>\n<p>&nbsp;<\/p>\n<p><strong>Za\u0161tita osobnih podataka<\/strong><\/p>\n<p>OBIN\u00a0Upravljanje\u00a0d.o.o. se brine da se svi osobni podaci o korisnicima pohranjuju prema lokalnim, europskim i me\u0111unarodnim zakonima i propisima. Podatke prikupljene putem kola\u010di\u0107a pohranjuje Google. Saznajte vi\u0161e o Google politici za\u0161tite osobnih podataka.<\/p>\n<p>&nbsp;<\/p>\n<p><strong>Kako blokirati i izbje\u0107i kola\u010di\u0107e<\/strong><\/p>\n<p>Internet Explorer:<\/p>\n<ol>\n<li>U svom pregledniku idite na izbornik Tools menu i birajte Internet Options &gt; Privacy &gt; Advanced.<\/li>\n<li>Kliknite na Override automatic cookie handling.<\/li>\n<li>Zadajte na koji na\u010din \u017eelite da Internet Explorer postupa s kola\u010di\u0107ima s web stranica prvih osoba i web stranica tre\u0107ih osoba (web stranice osim one koju trenutno gledate).<\/li>\n<li>Da biste omogu\u0107ili da se kola\u010di\u0107i uvijek spremaju u va\u0161em ra\u010dunalu, kliknite na Accept.<\/li>\n<li>Kako biste onemogu\u0107ili spremanje kola\u010di\u0107a u svom ra\u010dunalu, kliknite Block.<\/li>\n<li>Kako biste bili upitani \u017eelite li omogu\u0107iti spremanje kola\u010di\u0107a u svom ra\u010dunalu ili ne, kliknite na Prompt.<\/li>\n<li>Kako biste omogu\u0107ili da vam se sesije kola\u010di\u0107a (kola\u010di\u0107i koji \u0107e vam se izbrisati iz ra\u010dunala kad zatvorite Internet Explorer) uvijek spremaju u ra\u010dunalu, kliknite na Always allow session cookies.<\/li>\n<\/ol>\n<p>&nbsp;<\/p>\n<p>Google Chrome:<\/p>\n<ol>\n<li>Kliknite na ikonu francuskog klju\u010da na alatnoj traci preglednika.<\/li>\n<li>Birajte Options (Preferences na Mac i Linux; Settings na Chromebook).<\/li>\n<li>Kliknite na oznaku Under the Hood.<\/li>\n<li>Kliknite na Content settings u odjeljku &#8220;Privacy&#8221;.<\/li>\n<li>Kliknite na oznaku Cookies u dijalogu Content Settings koji se pojavljuje:<\/li>\n<\/ol>\n<p>&nbsp;<\/p>\n<p><strong>Brisanje kola\u010di\u0107a<\/strong><\/p>\n<ol>\n<li>Kliknite na All cookies and site data kako biste otvorili dijalog Cookies and Other Data.<\/li>\n<li>Kako biste izbrisali sve kola\u010di\u0107e, kliknite na Remove all na dnu dijaloga. Kako biste izbrisali odre\u0111eni kola\u010di\u0107, odaberite web lokaciju koja je izdala kola\u010di\u0107 pa zatim kola\u010di\u0107 te kliknite na Remove.<\/li>\n<\/ol>\n<p>&nbsp;<\/p>\n<p><strong>Zadano blokiranje kola\u010di\u0107a<\/strong><\/p>\n<ol>\n<li>Blokiranje svih kola\u010di\u0107a: birajte &#8220;Block sites from setting any data.&#8221; Imajte na umu da \u0107e biranje ove postavke onemogu\u0107iti rad ve\u0107ine stranica za koje je potrebna prijava. Vidjet \u0107ete ikonu na adresnoj traci svaki put kad kola\u010di\u0107 bude blokiran.<\/li>\n<li>Blokiranje samo kola\u010di\u0107a tre\u0107ih osoba: Ozna\u010dite polje &#8220;Ignore exceptions and block third-party cookies from being set&#8221;. \u010cak i ako ste dodali neku web stranicu na listu iznimaka (Exceptions list) i odabrali omogu\u0107avanje kori\u0161tenja njezinih kola\u010di\u0107a, kola\u010di\u0107i tre\u0107ih osoba na toj web stranici ne\u0107e biti prihva\u0107eni ako se ozna\u010di to polje.<\/li>\n<\/ol>\n<p>&nbsp;<\/p>\n<p><strong>Zadano omogu\u0107avanje kori\u0161tenja kola\u010di\u0107a<\/strong><\/p>\n<p>Svakako odaberite &#8220;Allow local data to be set&#8221; kako biste omogu\u0107ili kori\u0161tenja kola\u010di\u0107a prvih osoba i tre\u0107ih osoba. Ako \u017eelite prihva\u0107ati samo kola\u010di\u0107e prvih osoba, ozna\u010dite polje &#8220;Block all third-party cookies without exception&#8221;.<\/p>\n<p>&nbsp;<\/p>\n<p><strong>Omogu\u0107avanje iznimaka za odre\u0111ene web stranice ili domene<\/strong><\/p>\n<p>Da biste kontrolirali postupanje s kola\u010di\u0107ima za nekoliko odre\u0111enih web stranica ili domena, kliknite na Manage exceptions. Kako biste dodali pravilo u dijalogu Cookie and Site Data Exceptions koji se pojavljuje, slijedite ove korake:<\/p>\n<ul>\n<li>Kliknite na polje &#8220;Add a new exception pattern&#8221; i unesite naziv domene za koju \u017eelite napraviti iznimku.<\/li>\n<li>Kako biste napravili iznimku za \u010ditavu domenu, umetnite [*.] ispred naziva domene (npr. [*.]google.com).<\/li>\n<li>Mo\u017eete zadati i IP adresu, IPv6 adresu ili ne-http URL.<\/li>\n<li>Pomo\u0107u izbornika birajte ho\u0107e li web stranica mo\u0107i postaviti kola\u010di\u0107e. Ako odaberete Session only, njezini \u0107e se kola\u010di\u0107i brisati svaki put kad zatvorite preglednik.<\/li>\n<li>Pomo\u0107u ovog dijaloga mo\u017eete i ure\u0111ivati ili uklanjati iznimke.<\/li>\n<\/ul>\n<p><strong>\u00a0<\/strong><\/p>\n<p><strong>Kada prestaje obveza \u010duvanja podataka?<\/strong><\/p>\n<p>Obveza \u010duvanja podataka prestaje ako su podaci potrebni Ministarstvu unutarnjih poslova ili nadle\u017enom dr\u017eavnom odvjetni\u0161tvu za potrebe obavljanja poslova iz njihove nadle\u017enosti, ako su podaci potrebni sudu ili javnom bilje\u017eniku za postupak koji vodi, u slu\u010dajevima odre\u0111enima Zakonom o sprje\u010davanju pranja novca i financiranja terorizma, Zakonom o obveznim osiguranjima u prometu, Zakonom o oporezivanju ra\u010duna u inozemstvu ameri\u010dkih dr\u017eavljana (FATCA) ili Sporazumom o automatskoj razmjeni informacija o financijskim ra\u010dunima (CRS) te ako su ti podaci potrebni poreznom ili drugom nadzornom tijelu u postupku koji ono provodi u okviru svojih nadle\u017enosti.<\/p>\n<p>&nbsp;<\/p>\n<p><strong>Dodatne informacije oko isklju\u010divanja kola\u010di\u0107a<\/strong><\/p>\n<p>Trenutno postoji nekoliko web stranica za isklju\u010divanje pohranjivanja kola\u010di\u0107a za razli\u010dite servise. Vi\u0161e se mo\u017eete informirati na sljede\u0107im linkovima:<\/p>\n<ul>\n<li><a href=\"http:\/\/www.allaboutcookies.org\/\">http:\/\/www.allaboutcookies.org\/<\/a><\/li>\n<li><a href=\"http:\/\/www.youronlinechoices.eu\/\">http:\/\/www.youronlinechoices.eu\/<\/a><\/li>\n<\/ul>\n<p>&nbsp;<\/p>\n<p>&nbsp;<\/p>\n","protected":false},"excerpt":{"rendered":"<p>&nbsp; Privatnost korisnika i za\u0161tita osobnih podataka Kako bi ova web stranica radila pravilno, kako bismo bili u stanju vr\u0161iti daljnja unaprje\u0111enja stranice, u svrhu pobolj\u0161avanja va\u0161ega iskustva pregledavanja, ova stranica mora na va\u0161e ra\u010dunalo spremiti malenu koli\u010dinu informacija (Cookies). Preko 90 % svih web stranica koristi ovu praksu no prema va\u017ee\u0107im propisima, poglavito prema&#8230;<\/p>\n","protected":false},"author":1,"featured_media":266,"parent":0,"menu_order":0,"comment_status":"closed","ping_status":"closed","template":"","meta":{"footnotes":""},"class_list":["post-344","page","type-page","status-publish","has-post-thumbnail","hentry"],"_links":{"self":[{"href":"https:\/\/obin.hr\/wordpress\/wp-json\/wp\/v2\/pages\/344","targetHints":{"allow":["GET"]}}],"collection":[{"href":"https:\/\/obin.hr\/wordpress\/wp-json\/wp\/v2\/pages"}],"about":[{"href":"https:\/\/obin.hr\/wordpress\/wp-json\/wp\/v2\/types\/page"}],"author":[{"embeddable":true,"href":"https:\/\/obin.hr\/wordpress\/wp-json\/wp\/v2\/users\/1"}],"replies":[{"embeddable":true,"href":"https:\/\/obin.hr\/wordpress\/wp-json\/wp\/v2\/comments?post=344"}],"version-history":[{"count":7,"href":"https:\/\/obin.hr\/wordpress\/wp-json\/wp\/v2\/pages\/344\/revisions"}],"predecessor-version":[{"id":354,"href":"https:\/\/obin.hr\/wordpress\/wp-json\/wp\/v2\/pages\/344\/revisions\/354"}],"wp:featuredmedia":[{"embeddable":true,"href":"https:\/\/obin.hr\/wordpress\/wp-json\/wp\/v2\/media\/266"}],"wp:attachment":[{"href":"https:\/\/obin.hr\/wordpress\/wp-json\/wp\/v2\/media?parent=344"}],"curies":[{"name":"wp","href":"https:\/\/api.w.org\/{rel}","templated":true}]}}