{"id":280,"date":"2015-11-02T12:32:16","date_gmt":"2015-11-02T11:32:16","guid":{"rendered":"http:\/\/obin.hr\/?page_id=280"},"modified":"2015-11-23T12:25:16","modified_gmt":"2015-11-23T11:25:16","slug":"zasto-odabrati-nasu-pravnu-i-tehnicku-pomoc","status":"publish","type":"page","link":"https:\/\/obin.hr\/wordpress\/zasto-odabrati-nasu-pravnu-i-tehnicku-pomoc\/","title":{"rendered":"Za\u0161to odabrati na\u0161u pravnu i tehni\u010dku pomo\u0107?"},"content":{"rendered":"<p>Mi smo pravi izbor za vas zbog stru\u010dnosti i zadovoljstva u suradnji!<\/p>\n<p><strong>Nudimo vam:<\/strong><\/p>\n<ul>\n<li>  otklanjanje nedostataka kod preuzimanja zgrade<\/li>\n<li> izradu programa upravljanja i odr\u017eavanja objekta<\/li>\n<li> izvo\u0111enje potrebnih radova<\/li>\n<li> redovno i izvanredno odr\u017eavanje<\/li>\n<li> hitne popravke<\/li>\n<\/ul>\n<p>Stan u kojem \u017eivimo na\u0161 je dom, ure\u0111ujemo ga do najsitnijih detalja, a \u0161to je s temeljima? \u0160to je sa cijelom zgradom koja bi na prvi pogled morala re\u0107i o kvaliteti na\u0161eg \u017eivljenja.<\/p>\n<p>Temelji su cijevi, vanjski zidovi, stepeni\u0161te, po\u0161tanski sandu\u010di\u0107i, sme\u0107e&#8230; Dakle, sve ono \u0161to shva\u0107amo zdravo za gotovo, ali kada \u201epukne\u201c i jedan mali kota\u010di\u0107 \u2013 savr\u0161ena slika o savr\u0161enom stanu pada u vodu.<\/p>\n<p>Zajedni\u010dki dijelovi zgrade va\u0161e su ogledalo. Ako su u lo\u0161em stanju, cijena i dojam najbolje stilski ure\u0111enog stana, odmah se smanjuju. Zgrada je zajedni\u010dka briga, govori o nama samima.<br \/>\nNo, tu brigu prepustite nama.<br \/>\nZato postoji \u2013 <strong>pri\u010duva<\/strong>. Za mjese\u010dni iznos, \u010dije je pla\u0107anje, uzgred re\u010deno, obveza svakog suvlasnika, va\u0161a briga za savr\u0161eni dom nestaje. MI smo TI koji to rade za vas.<\/p>\n","protected":false},"excerpt":{"rendered":"<p>Mi smo pravi izbor za vas zbog stru\u010dnosti i zadovoljstva u suradnji! Nudimo vam: otklanjanje nedostataka kod preuzimanja zgrade izradu programa upravljanja i odr\u017eavanja objekta izvo\u0111enje potrebnih radova redovno i izvanredno odr\u017eavanje hitne popravke Stan u kojem \u017eivimo na\u0161 je dom, ure\u0111ujemo ga do najsitnijih detalja, a \u0161to je s temeljima? \u0160to je sa cijelom&#8230;<\/p>\n","protected":false},"author":1,"featured_media":266,"parent":0,"menu_order":0,"comment_status":"closed","ping_status":"closed","template":"","meta":{"footnotes":""},"class_list":["post-280","page","type-page","status-publish","has-post-thumbnail","hentry"],"_links":{"self":[{"href":"https:\/\/obin.hr\/wordpress\/wp-json\/wp\/v2\/pages\/280","targetHints":{"allow":["GET"]}}],"collection":[{"href":"https:\/\/obin.hr\/wordpress\/wp-json\/wp\/v2\/pages"}],"about":[{"href":"https:\/\/obin.hr\/wordpress\/wp-json\/wp\/v2\/types\/page"}],"author":[{"embeddable":true,"href":"https:\/\/obin.hr\/wordpress\/wp-json\/wp\/v2\/users\/1"}],"replies":[{"embeddable":true,"href":"https:\/\/obin.hr\/wordpress\/wp-json\/wp\/v2\/comments?post=280"}],"version-history":[{"count":6,"href":"https:\/\/obin.hr\/wordpress\/wp-json\/wp\/v2\/pages\/280\/revisions"}],"predecessor-version":[{"id":319,"href":"https:\/\/obin.hr\/wordpress\/wp-json\/wp\/v2\/pages\/280\/revisions\/319"}],"wp:featuredmedia":[{"embeddable":true,"href":"https:\/\/obin.hr\/wordpress\/wp-json\/wp\/v2\/media\/266"}],"wp:attachment":[{"href":"https:\/\/obin.hr\/wordpress\/wp-json\/wp\/v2\/media?parent=280"}],"curies":[{"name":"wp","href":"https:\/\/api.w.org\/{rel}","templated":true}]}}